{"id":864,"date":"2020-01-07T16:11:27","date_gmt":"2020-01-07T15:11:27","guid":{"rendered":"https:\/\/www.groebenzeller-buecherflohmarkt.de\/?page_id=864"},"modified":"2026-02-25T13:02:39","modified_gmt":"2026-02-25T13:02:39","slug":"der-verein-groebenzell-hilft-e-v","status":"publish","type":"page","link":"https:\/\/groebenzeller-buecherflohmarkt.de\/?page_id=864","title":{"rendered":"Der Verein &#8222;Gr\u00f6benzell hilft e.V.&#8220;"},"content":{"rendered":"\n<h2 class=\"wp-block-heading\">Ziele und Mitgliedschaft <\/h2>\n\n\n\n<div style=\"height:53px\" aria-hidden=\"true\" class=\"wp-block-spacer\"><\/div>\n\n\n\n<p>Der Verein \u201eGr\u00f6benzell hilft e. V.\u201c wurde im Herbst 2013 als Mittr\u00e4gerorganisation des Gr\u00f6benzeller B\u00fccherflohmarkts neu gegr\u00fcndet. Der Verein bietet seither die organisatorische, steuerliche und administrative Basis f\u00fcr die Veranstaltung des \u201eGr\u00f6benzeller B\u00fccherflohmarkts\u201c. Diese Aufgabe \u00fcbernimmt er von der Gesellschaft &#8222;Gr\u00f6benzeller B\u00fccherflohmarkt GbR&#8220;.<\/p>\n\n\n\n<div style=\"height:53px\" aria-hidden=\"true\" class=\"wp-block-spacer\"><\/div>\n\n\n\n<p>Er m\u00f6chte das Interesse und ehrenamtliche Engagement der Gr\u00f6benzeller &#8211; und selbstverst\u00e4ndlich auch aller anderen B\u00fcrger &#8211; an sozialer und entwicklungs-politischer Verantwortung f\u00f6rdern. Die Veranstaltung des \u201eGr\u00f6benzeller B\u00fccherflohmarkts\u201c dient ausschlie\u00dflich dazu, dem Verein Mittel zu beschaffen, mit denen er karitative <\/p>\n\n\n\n<p>&#8211;><strong> <a href=\"https:\/\/groebenzeller-buecherflohmarkt.de\/?page_id=24\" data-type=\"page\" data-id=\"24\">Hilfsprojekte<\/a><\/strong> in der Region und weltweit f\u00f6rdert.<\/p>\n\n\n\n<div style=\"height:53px\" aria-hidden=\"true\" class=\"wp-block-spacer\"><\/div>\n\n\n\n<p><\/p>\n\n\n\n<p>Der Verein \u201eGr\u00f6benzell hilft e. V.\u201c verfolgt ausschlie\u00dflich und unmittelbar gemeinn\u00fctzige Zwecke.  <\/p>\n\n\n\n<p>&#8212;&#8211;> <a href=\"https:\/\/groebenzeller-buecherflohmarkt.de\/wp-content\/uploads\/2020\/01\/Groebenzell-hilft-Satzung.pdf\" data-type=\"attachment\" data-id=\"876\"><strong>Groebenzell-hilft-Satzung<\/strong><\/a><\/p>\n\n\n\n<p>Der <strong>Vorstand<\/strong> besteht aus den folgend genannten, gleichberechtigten Vorsitzenden, von denen jeder einzeln zur Vertretung des Vereins berechtigt ist:<\/p>\n\n\n\n<div style=\"height:49px\" aria-hidden=\"true\" class=\"wp-block-spacer\"><\/div>\n\n\n\n<figure class=\"wp-block-image size-large is-resized\"><img loading=\"lazy\" decoding=\"async\" width=\"683\" height=\"1024\" src=\"https:\/\/groebenzeller-buecherflohmarkt.de\/wp-content\/uploads\/2023\/07\/Neuer-Vorstand-683x1024.jpg\" alt=\"\" class=\"wp-image-2190\" style=\"width:456px;height:684px\" srcset=\"https:\/\/groebenzeller-buecherflohmarkt.de\/wp-content\/uploads\/2023\/07\/Neuer-Vorstand-683x1024.jpg 683w, https:\/\/groebenzeller-buecherflohmarkt.de\/wp-content\/uploads\/2023\/07\/Neuer-Vorstand-200x300.jpg 200w, https:\/\/groebenzeller-buecherflohmarkt.de\/wp-content\/uploads\/2023\/07\/Neuer-Vorstand-768x1152.jpg 768w, https:\/\/groebenzeller-buecherflohmarkt.de\/wp-content\/uploads\/2023\/07\/Neuer-Vorstand-1024x1536.jpg 1024w, https:\/\/groebenzeller-buecherflohmarkt.de\/wp-content\/uploads\/2023\/07\/Neuer-Vorstand-1366x2048.jpg 1366w, https:\/\/groebenzeller-buecherflohmarkt.de\/wp-content\/uploads\/2023\/07\/Neuer-Vorstand-scaled.jpg 1707w\" sizes=\"auto, (max-width: 683px) 100vw, 683px\" \/><\/figure>\n\n\n\n<p>             Ulrike Michel               +             Manfred Arnold<\/p>\n\n\n\n<div style=\"height:33px\" aria-hidden=\"true\" class=\"wp-block-spacer\"><\/div>\n\n\n\n<p><strong>Mitgliedschaft:<\/strong><\/p>\n\n\n\n<p>Mitglied kann jede Person werden, die sich den Zielen des Vereins verbunden f\u00fchlt. Mitgliedsbeitrag wird keiner erhoben. Von den Mitgliedern wird erwartet, dass sie bei der Organisation und Durchf\u00fchrung des B\u00fccherflohmarkts mithelfen. <\/p>\n\n\n\n<div style=\"height:45px\" aria-hidden=\"true\" class=\"wp-block-spacer\"><\/div>\n","protected":false},"excerpt":{"rendered":"<p>Ziele und Mitgliedschaft Der Verein \u201eGr\u00f6benzell hilft e. V.\u201c wurde im Herbst 2013 als Mittr\u00e4gerorganisation des Gr\u00f6benzeller B\u00fccherflohmarkts neu gegr\u00fcndet. Der Verein bietet seither die organisatorische, steuerliche und administrative Basis f\u00fcr die Veranstaltung des \u201eGr\u00f6benzeller B\u00fccherflohmarkts\u201c. Diese Aufgabe \u00fcbernimmt er von der Gesellschaft &#8222;Gr\u00f6benzeller B\u00fccherflohmarkt GbR&#8220;. Er m\u00f6chte das Interesse und ehrenamtliche Engagement der Gr\u00f6benzeller [&hellip;]<\/p>\n","protected":false},"author":2,"featured_media":0,"parent":0,"menu_order":0,"comment_status":"closed","ping_status":"closed","template":"","meta":{"footnotes":""},"class_list":["post-864","page","type-page","status-publish","hentry"],"_links":{"self":[{"href":"https:\/\/groebenzeller-buecherflohmarkt.de\/index.php?rest_route=\/wp\/v2\/pages\/864","targetHints":{"allow":["GET"]}}],"collection":[{"href":"https:\/\/groebenzeller-buecherflohmarkt.de\/index.php?rest_route=\/wp\/v2\/pages"}],"about":[{"href":"https:\/\/groebenzeller-buecherflohmarkt.de\/index.php?rest_route=\/wp\/v2\/types\/page"}],"author":[{"embeddable":true,"href":"https:\/\/groebenzeller-buecherflohmarkt.de\/index.php?rest_route=\/wp\/v2\/users\/2"}],"replies":[{"embeddable":true,"href":"https:\/\/groebenzeller-buecherflohmarkt.de\/index.php?rest_route=%2Fwp%2Fv2%2Fcomments&post=864"}],"version-history":[{"count":15,"href":"https:\/\/groebenzeller-buecherflohmarkt.de\/index.php?rest_route=\/wp\/v2\/pages\/864\/revisions"}],"predecessor-version":[{"id":2732,"href":"https:\/\/groebenzeller-buecherflohmarkt.de\/index.php?rest_route=\/wp\/v2\/pages\/864\/revisions\/2732"}],"wp:attachment":[{"href":"https:\/\/groebenzeller-buecherflohmarkt.de\/index.php?rest_route=%2Fwp%2Fv2%2Fmedia&parent=864"}],"curies":[{"name":"wp","href":"https:\/\/api.w.org\/{rel}","templated":true}]}}