{"id":516,"date":"2018-06-28T16:10:36","date_gmt":"2018-06-28T14:10:36","guid":{"rendered":"http:\/\/www.groebenzeller-buecherflohmarkt.de\/?page_id=516"},"modified":"2023-07-31T14:42:36","modified_gmt":"2023-07-31T14:42:36","slug":"hinweise-zur-datenverarbeitung","status":"publish","type":"page","link":"https:\/\/groebenzeller-buecherflohmarkt.de\/?page_id=516","title":{"rendered":"Datenschutzhinweise"},"content":{"rendered":"<p>\u00a0<\/p>\n<ol>\n<li><span style=\"color: #0000ff;\"><strong>Namen und Kontaktdaten der Verantwortlichen<\/strong>:<\/span><\/li>\n<\/ol>\n<p style=\"padding-left: 80px;\">Verein Gr\u00f6benzell hilft e.V., gesetzlich vertreten durch den Vorstand<\/p>\n<p style=\"padding-left: 120px;\">Ulrike Michel\u00a0 und<\/p>\n<p style=\"padding-left: 120px;\">Manfred Arnold<\/p>\n<p style=\"padding-left: 120px;\">beide in\u00a0 Gr\u00f6benzell<\/p>\n<p style=\"padding-left: 80px;\">Emailadresse:\u00a0 info@groebenzeller-buecherflohmarkt.de<\/p>\n<ol start=\"2\">\n<li><span style=\"color: #0000ff;\"><strong>Kontaktdaten des Datenschutzbeauftragten<\/strong>:<\/span><\/li>\n<\/ol>\n<p style=\"padding-left: 80px;\">Ein Datenschutzbeauftragter ist nicht bestellt.<\/p>\n<ol start=\"3\">\n<li><span style=\"color: #0000ff;\"><strong>Zwecke, f\u00fcr die personenbezogenen Daten verarbeitet werden<\/strong>:<\/span><\/li>\n<\/ol>\n<p style=\"padding-left: 80px;\">Die personenbezogenen Daten werden f\u00fcr die Durchf\u00fchrung des Mitgliedschaftsverh\u00e4ltnisses verarbeitet (z. B. Einladung zu Versammlungen, Organisation des B\u00fccherflohmarktes und der Vorbereitungen hierzu).<\/p>\n<p style=\"padding-left: 80px;\">Ferner werden personenbezogene Daten der Spendenempf\u00e4nger zur Verteilung der Spenden erhoben, sowie personenbezogene Daten von Spendern, beispielsweise bei \u00dcberweisungen, Ausstellen einer Spendenbescheinigung.<\/p>\n<p style=\"padding-left: 80px;\">Dar\u00fcber hinaus werden personenbezogene Daten insbesondere von Vereinsmitgliedern sowie Spendenempf\u00e4ngern im Zusammenhang mit dem B\u00fccherflohmarkt Gr\u00f6benzell einschlie\u00dflich der Berichterstattung hier\u00fcber auf der Internetseite des Vereins, in Auftritten des Vereins in Sozialen Medien und in Pressenotizen f\u00fcr lokale, regionale und \u00fcberregionale Printmedien \u00fcbermittelt.<\/p>\n<ol start=\"4\">\n<li><span style=\"color: #0000ff;\"><strong>Rechtsgrundlagen, auf Grund derer die Verarbeitung erfolgt:<\/strong><\/span><\/li>\n<\/ol>\n<p style=\"padding-left: 80px;\">Die Verarbeitung der personenbezogenen Daten erfolgt in der Regel aufgrund der Erforderlichkeit zur Erf\u00fcllung eines Vertrages gem\u00e4\u00df Artikel 6 Abs. 1 lit. b) DSGVO. Bei den Vertragsverh\u00e4ltnissen handelt es sich in erster Linie um das Mitgliedschaftsverh\u00e4ltnis im Verein.<\/p>\n<p style=\"padding-left: 80px;\">Werden personenbezogene Daten erhoben, ohne dass die Verarbeitung zur Erf\u00fcllung des Vertrages erforderlich ist, erfolgt die Verarbeitung aufgrund einer Einwilligung nach Artikel 6 Abs. 1 lit. a) i.V.m. Artikel 7 DSGVO.<\/p>\n<p style=\"padding-left: 80px;\">Die Ver\u00f6ffentlichung personenbezogener Daten im lnternet oder in lokalen, regionalen oder \u00fcberregionalen Printmedien erfolgt zur Wahrung berechtigter Interessen des Vereins (vgl. Artikel&#8217;6 Abs. 1 lit. f) DSGVO). Diese bestehen in der Information der \u00d6ffentlichkeit durch Berichtserstattung \u00fcber die Aktivit\u00e4ten des Vereins. In diesem Rahmen werden personenbezogene Daten einschlie\u00dflich von Bildern der Teilnehmer zum Beispiel im Rahmen der Berichterstattung \u00fcber den B\u00fccherflohmarkt des Vereins ver\u00f6ffentlicht.<\/p>\n<ol start=\"5\">\n<li><span style=\"color: #0000ff;\"><strong>Die Empf\u00e4nger oder Kategorien von Empf\u00e4ngern der personenbezogenen Daten:<\/strong><\/span><\/li>\n<\/ol>\n<p style=\"padding-left: 80px;\">Personenbezogene Daten der Vorstandsmitglieder werden an das Vereinsregister beim Amtsgericht F\u00fcrstenfeldbruck weitergegeben.<\/p>\n<p style=\"padding-left: 80px;\">Personenbezogene Daten der Spendenempf\u00e4nger werden an die Finanzbeh\u00f6rde weitergegeben. Bei der \u00fcberwiegenden Mehrzahl der Spendenempf\u00e4nger handelt es sich nicht um nat\u00fcrliche Personen, sondern z. B. um Vereine bzw. karitative Einrichtungen.<\/p>\n<p style=\"padding-left: 80px;\">Die Daten der Bankverbindung der Mitglieder, Spender und Spendenempf\u00e4nger werden zum Zwecke des Beitragseinzugs sowie \u00dcberweisung von Spenden an die Bank weitergeleitet.<\/p>\n<ol start=\"6\">\n<li><span style=\"color: #0000ff;\"><strong>Die Dauer, f\u00fcr die die personenbezogenen Daten gespeichert werden oder, falls dies nicht m\u00f6glich ist, die Kriterien f\u00fcr die Festlegung der Dauer:<\/strong><\/span><\/li>\n<\/ol>\n<p style=\"padding-left: 80px;\">Die personenbezogenen Daten werden f\u00fcr die Dauer der Mitgliedschaft bzw. f\u00fcr die Dauer der Unterst\u00fctzung durch Spenden gespeichert. Mit Beendigung der Mitgliedschaft werden die Datenkategorien gem\u00e4\u00df den gesetzlichen Aufbewahrungsfristen weitere zehn Jahre vorgehalten und dann gel\u00f6scht. ln der Zeit zwischen Beendigung der Mitgliedschaft und der L\u00f6schung wird die Verarbeitung dieser Daten eingeschr\u00e4nkt.<\/p>\n<p style=\"padding-left: 80px;\">Alle Daten der \u00fcbrigen Kategorien (z. B. Bankdaten, Anschrift, Kontaktdaten) werden mit Beendigung der Mitgliedschaft gel\u00f6scht.<\/p>\n<ol start=\"7\">\n<li><span style=\"color: #0000ff;\"><strong>Der betroffenen Person stehen unter den in den Artikeln jeweils genannten Voraussetzungen die nachfolgenden Rechte zu:<\/strong><\/span><\/li>\n<\/ol>\n<p style=\"padding-left: 80px;\">&#8211; das Recht auf Auskunft nach Artikel 15 DSGVO,<\/p>\n<p style=\"padding-left: 80px;\">&#8211; das Recht auf Berichtigung nach Artikel 16 DSGVO,<\/p>\n<p style=\"padding-left: 80px;\">&#8211; das Recht auf L\u00f6schung nach Artikel 17 DSGVO, _<\/p>\n<p style=\"padding-left: 80px;\">&#8211; das Recht auf Einschr\u00e4nkung der Verarbeitung nach Artikel 18 DSGVO,<\/p>\n<p style=\"padding-left: 80px;\">&#8211; das Recht auf Daten\u00fcbertragbarkeit nach Artikel 20 DSGVO,<\/p>\n<p style=\"padding-left: 80px;\">&#8211; das Widerspruchsrecht nach Artikel 21 DSGVO,<\/p>\n<p style=\"padding-left: 80px;\">&#8211; das Recht auf Beschwerde bei einer Aufsichtsbeh\u00f6rde nach Artikel 77 DSGVO<\/p>\n<p style=\"padding-left: 80px;\">&#8211; das Recht, eine erteilte Einwilligung jederzeit widerrufen zu k\u00f6nnen, ohne dass die Rechtm\u00e4\u00dfigkeit der aufgrund der Einwilligung bis zum Widerruf erfolgten Verarbeitung hierdurch ber\u00fchrt wird.<\/p>\n<ol start=\"8\">\n<li><span style=\"color: #0000ff;\"><strong>Die Quelle, aus der die personenbezogenen Daten stammen:<\/strong><\/span><\/li>\n<\/ol>\n<p style=\"padding-left: 80px;\">Die personenbezogenen Daten werden grunds\u00e4tzlich im Rahmen des Erwerbs der Mitgliedschaft erhoben.<\/p>\n<p style=\"padding-left: 80px;\">Die Daten der Spendenempf\u00e4nger werden im Rahmen der Information \u00fcber satzungsgem\u00e4\u00dfe Verwendung vereinnahmter Mittel erhoben. Bei der \u00fcberwiegenden Mehrzahl der Spendenempf\u00e4nger handelt es sich nicht um nat\u00fcrliche Personen, sondern z. B. um Vereine bzw. karitative Einrichtungen.<\/p>\n<p style=\"padding-left: 80px;\">Die Daten namentlich bekannter Spender werden erhoben soweit diese die Ausstellung einer Spendenquittung erbitten.<\/p>\n<p>\u00a0<\/p>\n<p>Stand Juli 2023<\/p>\n\n\n<p><\/p>\n","protected":false},"excerpt":{"rendered":"<p>\u00a0 Namen und Kontaktdaten der Verantwortlichen: Verein Gr\u00f6benzell hilft e.V., gesetzlich vertreten durch den Vorstand Ulrike Michel\u00a0 und Manfred Arnold beide in\u00a0 Gr\u00f6benzell Emailadresse:\u00a0 info@groebenzeller-buecherflohmarkt.de Kontaktdaten des Datenschutzbeauftragten: Ein Datenschutzbeauftragter ist nicht bestellt. Zwecke, f\u00fcr die personenbezogenen Daten verarbeitet werden: Die personenbezogenen Daten werden f\u00fcr die Durchf\u00fchrung des Mitgliedschaftsverh\u00e4ltnisses verarbeitet (z. B. Einladung zu Versammlungen, [&hellip;]<\/p>\n","protected":false},"author":2,"featured_media":0,"parent":0,"menu_order":0,"comment_status":"closed","ping_status":"closed","template":"","meta":{"footnotes":""},"class_list":["post-516","page","type-page","status-publish","hentry"],"_links":{"self":[{"href":"https:\/\/groebenzeller-buecherflohmarkt.de\/index.php?rest_route=\/wp\/v2\/pages\/516","targetHints":{"allow":["GET"]}}],"collection":[{"href":"https:\/\/groebenzeller-buecherflohmarkt.de\/index.php?rest_route=\/wp\/v2\/pages"}],"about":[{"href":"https:\/\/groebenzeller-buecherflohmarkt.de\/index.php?rest_route=\/wp\/v2\/types\/page"}],"author":[{"embeddable":true,"href":"https:\/\/groebenzeller-buecherflohmarkt.de\/index.php?rest_route=\/wp\/v2\/users\/2"}],"replies":[{"embeddable":true,"href":"https:\/\/groebenzeller-buecherflohmarkt.de\/index.php?rest_route=%2Fwp%2Fv2%2Fcomments&post=516"}],"version-history":[{"count":2,"href":"https:\/\/groebenzeller-buecherflohmarkt.de\/index.php?rest_route=\/wp\/v2\/pages\/516\/revisions"}],"predecessor-version":[{"id":2200,"href":"https:\/\/groebenzeller-buecherflohmarkt.de\/index.php?rest_route=\/wp\/v2\/pages\/516\/revisions\/2200"}],"wp:attachment":[{"href":"https:\/\/groebenzeller-buecherflohmarkt.de\/index.php?rest_route=%2Fwp%2Fv2%2Fmedia&parent=516"}],"curies":[{"name":"wp","href":"https:\/\/api.w.org\/{rel}","templated":true}]}}