{"id":2456,"date":"2025-08-27T22:16:19","date_gmt":"2025-08-27T22:16:19","guid":{"rendered":"https:\/\/groebenzeller-buecherflohmarkt.de\/?page_id=2456"},"modified":"2025-08-27T22:17:02","modified_gmt":"2025-08-27T22:17:02","slug":"2456-2","status":"publish","type":"page","link":"https:\/\/groebenzeller-buecherflohmarkt.de\/?page_id=2456","title":{"rendered":"Unsere Historie"},"content":{"rendered":"\n<p><strong>Unsere Historie<\/strong><\/p>\n\n\n\n<p>Der Gr\u00f6benzeller B\u00fccherflohmarkt existiert seit 1992 und wuchs mit den Jahren zu einer immer gr\u00f6\u00dferen Veranstaltung heran.<\/p>\n\n\n\n<div style=\"height:35px\" aria-hidden=\"true\" class=\"wp-block-spacer\"><\/div>\n\n\n\n<p>Die unten aufgef\u00fchrten Texte der fr\u00fcheren Leitungen ergeben ein buntes Bild der Entwicklung:<\/p>\n\n\n\n<div style=\"height:36px\" aria-hidden=\"true\" class=\"wp-block-spacer\"><\/div>\n\n\n\n<div data-wp-interactive=\"core\/file\" class=\"wp-block-file\"><object data-wp-bind--hidden=\"!state.hasPdfPreview\" hidden class=\"wp-block-file__embed\" data=\"https:\/\/groebenzeller-buecherflohmarkt.de\/wp-content\/uploads\/2025\/08\/Geschichte-Buecherflohmarkt-1992-2011.pdf\" type=\"application\/pdf\" style=\"width:100%;height:600px\" aria-label=\"Einbettung von Geschichte B\u00fccherflohmarkt 1992 - 2011.\"><\/object><a id=\"wp-block-file--media-beb64a79-8823-4271-95f0-1c4e5e220703\" href=\"https:\/\/groebenzeller-buecherflohmarkt.de\/wp-content\/uploads\/2025\/08\/Geschichte-Buecherflohmarkt-1992-2011.pdf\">Geschichte B\u00fccherflohmarkt 1992 &#8211; 2011<\/a><a href=\"https:\/\/groebenzeller-buecherflohmarkt.de\/wp-content\/uploads\/2025\/08\/Geschichte-Buecherflohmarkt-1992-2011.pdf\" class=\"wp-block-file__button wp-element-button\" download aria-describedby=\"wp-block-file--media-beb64a79-8823-4271-95f0-1c4e5e220703\">Herunterladen<\/a><\/div>\n\n\n\n<div style=\"height:44px\" aria-hidden=\"true\" class=\"wp-block-spacer\"><\/div>\n\n\n\n<div data-wp-interactive=\"core\/file\" class=\"wp-block-file\"><object data-wp-bind--hidden=\"!state.hasPdfPreview\" hidden class=\"wp-block-file__embed\" data=\"https:\/\/groebenzeller-buecherflohmarkt.de\/wp-content\/uploads\/2025\/08\/Historie-des-Buecherflohmarktes-2012-.-2023.pdf\" type=\"application\/pdf\" style=\"width:100%;height:600px\" aria-label=\"Einbettung von Historie des B\u00fccherflohmarktes 2012 . 2023.\"><\/object><a id=\"wp-block-file--media-56c121e2-5875-4cfd-a599-3d01ef787d57\" href=\"https:\/\/groebenzeller-buecherflohmarkt.de\/wp-content\/uploads\/2025\/08\/Historie-des-Buecherflohmarktes-2012-.-2023.pdf\">Historie des B\u00fccherflohmarktes 2012 . 2023<\/a><a href=\"https:\/\/groebenzeller-buecherflohmarkt.de\/wp-content\/uploads\/2025\/08\/Historie-des-Buecherflohmarktes-2012-.-2023.pdf\" class=\"wp-block-file__button wp-element-button\" download aria-describedby=\"wp-block-file--media-56c121e2-5875-4cfd-a599-3d01ef787d57\">Herunterladen<\/a><\/div>\n\n\n\n<p><\/p>\n","protected":false},"excerpt":{"rendered":"<p>Unsere Historie Der Gr\u00f6benzeller B\u00fccherflohmarkt existiert seit 1992 und wuchs mit den Jahren zu einer immer gr\u00f6\u00dferen Veranstaltung heran. Die unten aufgef\u00fchrten Texte der fr\u00fcheren Leitungen ergeben ein buntes Bild der Entwicklung:<\/p>\n","protected":false},"author":2,"featured_media":0,"parent":0,"menu_order":0,"comment_status":"closed","ping_status":"closed","template":"","meta":{"footnotes":""},"class_list":["post-2456","page","type-page","status-publish","hentry"],"_links":{"self":[{"href":"https:\/\/groebenzeller-buecherflohmarkt.de\/index.php?rest_route=\/wp\/v2\/pages\/2456","targetHints":{"allow":["GET"]}}],"collection":[{"href":"https:\/\/groebenzeller-buecherflohmarkt.de\/index.php?rest_route=\/wp\/v2\/pages"}],"about":[{"href":"https:\/\/groebenzeller-buecherflohmarkt.de\/index.php?rest_route=\/wp\/v2\/types\/page"}],"author":[{"embeddable":true,"href":"https:\/\/groebenzeller-buecherflohmarkt.de\/index.php?rest_route=\/wp\/v2\/users\/2"}],"replies":[{"embeddable":true,"href":"https:\/\/groebenzeller-buecherflohmarkt.de\/index.php?rest_route=%2Fwp%2Fv2%2Fcomments&post=2456"}],"version-history":[{"count":9,"href":"https:\/\/groebenzeller-buecherflohmarkt.de\/index.php?rest_route=\/wp\/v2\/pages\/2456\/revisions"}],"predecessor-version":[{"id":2660,"href":"https:\/\/groebenzeller-buecherflohmarkt.de\/index.php?rest_route=\/wp\/v2\/pages\/2456\/revisions\/2660"}],"wp:attachment":[{"href":"https:\/\/groebenzeller-buecherflohmarkt.de\/index.php?rest_route=%2Fwp%2Fv2%2Fmedia&parent=2456"}],"curies":[{"name":"wp","href":"https:\/\/api.w.org\/{rel}","templated":true}]}}