{"id":18,"date":"2013-12-21T23:20:34","date_gmt":"2013-12-21T21:20:34","guid":{"rendered":"http:\/\/web59.server-17.de\/buecherflohmarkt\/?page_id=18"},"modified":"2025-01-12T11:02:18","modified_gmt":"2025-01-12T11:02:18","slug":"das-war-2013","status":"publish","type":"page","link":"https:\/\/groebenzeller-buecherflohmarkt.de\/?page_id=18","title":{"rendered":"Der Ablauf unseres B\u00fccherflohmarkts!"},"content":{"rendered":"\n<p>Sehen Sie sich beispielhaft im Folgenden an, wie der typische Ablauf eines Gr\u00f6benzeller B\u00fccherflohmarkts aussieht!<\/p>\n\n\n\n<div style=\"height:43px\" aria-hidden=\"true\" class=\"wp-block-spacer\"><\/div>\n\n\n\n<p>Vorweg k\u00f6nnen Sie sich einen kurzen Zeitraffer-Film ansehen, der den Aufbau am Donnerstagmorgen, das Feinsortieren am Freitag, den Verkauf am Samstag und Sonntag sowie das Aufr\u00e4umen danach zeigt. Wir danken Herrn Vuk Latinovic, Fotobude Gr\u00f6benzell, f\u00fcr das Video. <\/p>\n\n\n\n<div style=\"height:39px\" aria-hidden=\"true\" class=\"wp-block-spacer\"><\/div>\n\n\n\n<p class=\"has-medium-font-size\">Klicken Sie hier:                 <a href=\"https:\/\/www.youtube.com\/watch?v=duUyLhzGQHk\"><strong>B\u00fccherflohmarkt im Zeitraffer<\/strong><\/a><\/p>\n\n\n\n<hr class=\"wp-block-separator has-alpha-channel-opacity\"\/>\n\n\n\n<div style=\"height:100px\" aria-hidden=\"true\" class=\"wp-block-spacer\"><\/div>\n\n\n\n<p><strong>1. Die Anlieferung von Sachspenden (B\u00fccher, Schallplatten\/CD\/DVD + Spiele)<\/strong><\/p>\n\n\n\n<p>Spenderfahrzeuge werden entladen. Die Spender werden dabei von unseren Helfern unterst\u00fctzt. Gespendet wird an 4-5 Tagen im Januar, die genauen Termine sind im Internet und in der Presse fr\u00fchzeitig im Dezember ersichtlich.<\/p>\n\n\n\n<figure class=\"wp-block-image size-large\"><img loading=\"lazy\" decoding=\"async\" width=\"1024\" height=\"768\" src=\"https:\/\/groebenzeller-buecherflohmarkt.de\/wp-content\/uploads\/2024\/11\/20240103_143457-1024x768.jpg\" alt=\"\" class=\"wp-image-2467\" srcset=\"https:\/\/groebenzeller-buecherflohmarkt.de\/wp-content\/uploads\/2024\/11\/20240103_143457-1024x768.jpg 1024w, https:\/\/groebenzeller-buecherflohmarkt.de\/wp-content\/uploads\/2024\/11\/20240103_143457-300x225.jpg 300w, https:\/\/groebenzeller-buecherflohmarkt.de\/wp-content\/uploads\/2024\/11\/20240103_143457-768x576.jpg 768w, https:\/\/groebenzeller-buecherflohmarkt.de\/wp-content\/uploads\/2024\/11\/20240103_143457-1536x1152.jpg 1536w, https:\/\/groebenzeller-buecherflohmarkt.de\/wp-content\/uploads\/2024\/11\/20240103_143457-2048x1536.jpg 2048w\" sizes=\"auto, (max-width: 1024px) 100vw, 1024px\" \/><\/figure>\n\n\n\n<p><\/p>\n\n\n\n<figure class=\"wp-block-image size-large\"><img loading=\"lazy\" decoding=\"async\" width=\"1024\" height=\"768\" src=\"https:\/\/groebenzeller-buecherflohmarkt.de\/wp-content\/uploads\/2024\/11\/20240103_153755-1024x768.jpg\" alt=\"\" class=\"wp-image-2469\" srcset=\"https:\/\/groebenzeller-buecherflohmarkt.de\/wp-content\/uploads\/2024\/11\/20240103_153755-1024x768.jpg 1024w, https:\/\/groebenzeller-buecherflohmarkt.de\/wp-content\/uploads\/2024\/11\/20240103_153755-300x225.jpg 300w, https:\/\/groebenzeller-buecherflohmarkt.de\/wp-content\/uploads\/2024\/11\/20240103_153755-768x576.jpg 768w, https:\/\/groebenzeller-buecherflohmarkt.de\/wp-content\/uploads\/2024\/11\/20240103_153755-1536x1152.jpg 1536w, https:\/\/groebenzeller-buecherflohmarkt.de\/wp-content\/uploads\/2024\/11\/20240103_153755-2048x1536.jpg 2048w\" sizes=\"auto, (max-width: 1024px) 100vw, 1024px\" \/><figcaption class=\"wp-element-caption\">Die B\u00fccher\/Tontr\u00e4ger\/Spiele werden bei der Annahme dicht in Bananenkisten umgepackt, auf Paletten zwischengelagert und per Aufzug in den 1.Stock transportiert f\u00fcr die sp\u00e4tere Sortierarbeit.<\/figcaption><\/figure>\n\n\n\n<figure class=\"wp-block-image size-large\"><img loading=\"lazy\" decoding=\"async\" width=\"768\" height=\"1024\" src=\"https:\/\/groebenzeller-buecherflohmarkt.de\/wp-content\/uploads\/2024\/11\/20240109_161842-768x1024.jpg\" alt=\"\" class=\"wp-image-2470\" srcset=\"https:\/\/groebenzeller-buecherflohmarkt.de\/wp-content\/uploads\/2024\/11\/20240109_161842-768x1024.jpg 768w, https:\/\/groebenzeller-buecherflohmarkt.de\/wp-content\/uploads\/2024\/11\/20240109_161842-225x300.jpg 225w, https:\/\/groebenzeller-buecherflohmarkt.de\/wp-content\/uploads\/2024\/11\/20240109_161842-1152x1536.jpg 1152w, https:\/\/groebenzeller-buecherflohmarkt.de\/wp-content\/uploads\/2024\/11\/20240109_161842-1536x2048.jpg 1536w, https:\/\/groebenzeller-buecherflohmarkt.de\/wp-content\/uploads\/2024\/11\/20240109_161842-scaled.jpg 1920w\" sizes=\"auto, (max-width: 768px) 100vw, 768px\" \/><\/figure>\n\n\n\n<p><strong>2. Die Sortierung (Januar bis Aschermittwoch)<\/strong><\/p>\n\n\n\n<p>Aus dem Zwischenlager werden die Kartons nach und nach geholt und ausgepackt, die B\u00fccher werden durchgebl\u00e4ttert, gepr\u00fcft, mit Preis versehen und in eine der ca. 150 Kategorien einsortiert. Diese Arbeit erfordert die meiste Erfahrung und Umsicht.<\/p>\n\n\n\n<figure class=\"wp-block-image size-large\"><img loading=\"lazy\" decoding=\"async\" width=\"1024\" height=\"768\" src=\"https:\/\/groebenzeller-buecherflohmarkt.de\/wp-content\/uploads\/2024\/11\/20240104_124404-1024x768.jpg\" alt=\"\" class=\"wp-image-2471\" srcset=\"https:\/\/groebenzeller-buecherflohmarkt.de\/wp-content\/uploads\/2024\/11\/20240104_124404-1024x768.jpg 1024w, https:\/\/groebenzeller-buecherflohmarkt.de\/wp-content\/uploads\/2024\/11\/20240104_124404-300x225.jpg 300w, https:\/\/groebenzeller-buecherflohmarkt.de\/wp-content\/uploads\/2024\/11\/20240104_124404-768x576.jpg 768w, https:\/\/groebenzeller-buecherflohmarkt.de\/wp-content\/uploads\/2024\/11\/20240104_124404-1536x1152.jpg 1536w, https:\/\/groebenzeller-buecherflohmarkt.de\/wp-content\/uploads\/2024\/11\/20240104_124404-2048x1536.jpg 2048w\" sizes=\"auto, (max-width: 1024px) 100vw, 1024px\" \/><\/figure>\n\n\n\n<figure class=\"wp-block-image size-large\"><img loading=\"lazy\" decoding=\"async\" width=\"1024\" height=\"768\" src=\"https:\/\/groebenzeller-buecherflohmarkt.de\/wp-content\/uploads\/2024\/11\/20240109_162416-1024x768.jpg\" alt=\"\" class=\"wp-image-2472\" srcset=\"https:\/\/groebenzeller-buecherflohmarkt.de\/wp-content\/uploads\/2024\/11\/20240109_162416-1024x768.jpg 1024w, https:\/\/groebenzeller-buecherflohmarkt.de\/wp-content\/uploads\/2024\/11\/20240109_162416-300x225.jpg 300w, https:\/\/groebenzeller-buecherflohmarkt.de\/wp-content\/uploads\/2024\/11\/20240109_162416-768x576.jpg 768w, https:\/\/groebenzeller-buecherflohmarkt.de\/wp-content\/uploads\/2024\/11\/20240109_162416-1536x1152.jpg 1536w, https:\/\/groebenzeller-buecherflohmarkt.de\/wp-content\/uploads\/2024\/11\/20240109_162416-2048x1536.jpg 2048w\" sizes=\"auto, (max-width: 1024px) 100vw, 1024px\" \/><\/figure>\n\n\n\n<figure class=\"wp-block-image size-large\"><img loading=\"lazy\" decoding=\"async\" width=\"1024\" height=\"768\" src=\"https:\/\/groebenzeller-buecherflohmarkt.de\/wp-content\/uploads\/2024\/11\/20240109_163719-1024x768.jpg\" alt=\"\" class=\"wp-image-2473\" srcset=\"https:\/\/groebenzeller-buecherflohmarkt.de\/wp-content\/uploads\/2024\/11\/20240109_163719-1024x768.jpg 1024w, https:\/\/groebenzeller-buecherflohmarkt.de\/wp-content\/uploads\/2024\/11\/20240109_163719-300x225.jpg 300w, https:\/\/groebenzeller-buecherflohmarkt.de\/wp-content\/uploads\/2024\/11\/20240109_163719-768x576.jpg 768w, https:\/\/groebenzeller-buecherflohmarkt.de\/wp-content\/uploads\/2024\/11\/20240109_163719-1536x1152.jpg 1536w, https:\/\/groebenzeller-buecherflohmarkt.de\/wp-content\/uploads\/2024\/11\/20240109_163719-2048x1536.jpg 2048w\" sizes=\"auto, (max-width: 1024px) 100vw, 1024px\" \/><\/figure>\n\n\n\n<figure class=\"wp-block-image size-large\"><img loading=\"lazy\" decoding=\"async\" width=\"1024\" height=\"768\" src=\"https:\/\/groebenzeller-buecherflohmarkt.de\/wp-content\/uploads\/2024\/11\/20240109_161930-1024x768.jpg\" alt=\"\" class=\"wp-image-2474\" srcset=\"https:\/\/groebenzeller-buecherflohmarkt.de\/wp-content\/uploads\/2024\/11\/20240109_161930-1024x768.jpg 1024w, https:\/\/groebenzeller-buecherflohmarkt.de\/wp-content\/uploads\/2024\/11\/20240109_161930-300x225.jpg 300w, https:\/\/groebenzeller-buecherflohmarkt.de\/wp-content\/uploads\/2024\/11\/20240109_161930-768x576.jpg 768w, https:\/\/groebenzeller-buecherflohmarkt.de\/wp-content\/uploads\/2024\/11\/20240109_161930-1536x1152.jpg 1536w, https:\/\/groebenzeller-buecherflohmarkt.de\/wp-content\/uploads\/2024\/11\/20240109_161930-2048x1536.jpg 2048w\" sizes=\"auto, (max-width: 1024px) 100vw, 1024px\" \/><\/figure>\n\n\n\n<p>Anschlie\u00dfend werden die mit der Kategoriebezeichnung beschrifteten Kisten wieder lagerf\u00e4hig dicht gepackt und erneut in ein Zwischenlager geschafft.<\/p>\n\n\n\n<p>Absprachen und St\u00e4rkungen geh\u00f6ren nat\u00fcrlich auch dazu:<\/p>\n\n\n\n<figure class=\"wp-block-image size-large\"><img loading=\"lazy\" decoding=\"async\" width=\"1024\" height=\"768\" src=\"https:\/\/groebenzeller-buecherflohmarkt.de\/wp-content\/uploads\/2024\/11\/20240206_133356-1024x768.jpg\" alt=\"\" class=\"wp-image-2475\" srcset=\"https:\/\/groebenzeller-buecherflohmarkt.de\/wp-content\/uploads\/2024\/11\/20240206_133356-1024x768.jpg 1024w, https:\/\/groebenzeller-buecherflohmarkt.de\/wp-content\/uploads\/2024\/11\/20240206_133356-300x225.jpg 300w, https:\/\/groebenzeller-buecherflohmarkt.de\/wp-content\/uploads\/2024\/11\/20240206_133356-768x576.jpg 768w, https:\/\/groebenzeller-buecherflohmarkt.de\/wp-content\/uploads\/2024\/11\/20240206_133356-1536x1152.jpg 1536w, https:\/\/groebenzeller-buecherflohmarkt.de\/wp-content\/uploads\/2024\/11\/20240206_133356-2048x1536.jpg 2048w\" sizes=\"auto, (max-width: 1024px) 100vw, 1024px\" \/><\/figure>\n\n\n\n<p><strong>3. Aschermittwoch: Hallenvorbereitung und Palettentransport<\/strong><\/p>\n\n\n\n<figure class=\"wp-block-image size-large\"><img loading=\"lazy\" decoding=\"async\" width=\"1024\" height=\"768\" src=\"https:\/\/groebenzeller-buecherflohmarkt.de\/wp-content\/uploads\/2013\/12\/Buecherflohmarkt-2013-118kl1-1024x768.jpg\" alt=\"\" class=\"wp-image-150\" srcset=\"https:\/\/groebenzeller-buecherflohmarkt.de\/wp-content\/uploads\/2013\/12\/Buecherflohmarkt-2013-118kl1-1024x768.jpg 1024w, https:\/\/groebenzeller-buecherflohmarkt.de\/wp-content\/uploads\/2013\/12\/Buecherflohmarkt-2013-118kl1-300x225.jpg 300w, https:\/\/groebenzeller-buecherflohmarkt.de\/wp-content\/uploads\/2013\/12\/Buecherflohmarkt-2013-118kl1-768x576.jpg 768w, https:\/\/groebenzeller-buecherflohmarkt.de\/wp-content\/uploads\/2013\/12\/Buecherflohmarkt-2013-118kl1-1536x1152.jpg 1536w, https:\/\/groebenzeller-buecherflohmarkt.de\/wp-content\/uploads\/2013\/12\/Buecherflohmarkt-2013-118kl1.jpg 2000w\" sizes=\"auto, (max-width: 1024px) 100vw, 1024px\" \/><\/figure>\n\n\n\n<p>Vom Zwischenlager werden die ca. 120 Paletten mit Lieferwagen von unseren Helfern zur Wildmooshalle gefahren, gleichzeitig werden die Tischreihen in der Halle aufgestellt und beschriftet.<\/p>\n\n\n\n<figure class=\"wp-block-image size-large\"><img loading=\"lazy\" decoding=\"async\" width=\"1024\" height=\"768\" src=\"https:\/\/groebenzeller-buecherflohmarkt.de\/wp-content\/uploads\/2024\/11\/20240118_105535-1024x768.jpg\" alt=\"\" class=\"wp-image-2476\" srcset=\"https:\/\/groebenzeller-buecherflohmarkt.de\/wp-content\/uploads\/2024\/11\/20240118_105535-1024x768.jpg 1024w, https:\/\/groebenzeller-buecherflohmarkt.de\/wp-content\/uploads\/2024\/11\/20240118_105535-300x225.jpg 300w, https:\/\/groebenzeller-buecherflohmarkt.de\/wp-content\/uploads\/2024\/11\/20240118_105535-768x576.jpg 768w, https:\/\/groebenzeller-buecherflohmarkt.de\/wp-content\/uploads\/2024\/11\/20240118_105535-1536x1152.jpg 1536w, https:\/\/groebenzeller-buecherflohmarkt.de\/wp-content\/uploads\/2024\/11\/20240118_105535-2048x1536.jpg 2048w\" sizes=\"auto, (max-width: 1024px) 100vw, 1024px\" \/><\/figure>\n\n\n\n<figure class=\"wp-block-image size-large\"><img loading=\"lazy\" decoding=\"async\" width=\"1024\" height=\"768\" src=\"https:\/\/groebenzeller-buecherflohmarkt.de\/wp-content\/uploads\/2024\/11\/20240206_101250-1024x768.jpg\" alt=\"\" class=\"wp-image-2477\" srcset=\"https:\/\/groebenzeller-buecherflohmarkt.de\/wp-content\/uploads\/2024\/11\/20240206_101250-1024x768.jpg 1024w, https:\/\/groebenzeller-buecherflohmarkt.de\/wp-content\/uploads\/2024\/11\/20240206_101250-300x225.jpg 300w, https:\/\/groebenzeller-buecherflohmarkt.de\/wp-content\/uploads\/2024\/11\/20240206_101250-768x576.jpg 768w, https:\/\/groebenzeller-buecherflohmarkt.de\/wp-content\/uploads\/2024\/11\/20240206_101250-1536x1152.jpg 1536w, https:\/\/groebenzeller-buecherflohmarkt.de\/wp-content\/uploads\/2024\/11\/20240206_101250-2048x1536.jpg 2048w\" sizes=\"auto, (max-width: 1024px) 100vw, 1024px\" \/><\/figure>\n\n\n\n<p>Danach beginnt nach genauem Plan das Verteilen der jeweils bis zu 20 kg schweren Kisten&nbsp; auf die Tischreihen. Da der Platz auf den Tischen meist nicht ausreicht, muss auch der Boden darunter belegt werden.&nbsp; Ungef\u00e4hr ein F\u00fcnftel&nbsp; der B\u00fccher wird in einem weiteren Zwischenlager in der Halle zum Nachlegen am Samstagabend bereitgestellt. So treffen unsere Kunden auch am Sonntag auf frische Ware!<\/p>\n\n\n\n<figure class=\"wp-block-image size-large\"><img loading=\"lazy\" decoding=\"async\" width=\"1024\" height=\"768\" src=\"https:\/\/groebenzeller-buecherflohmarkt.de\/wp-content\/uploads\/2024\/11\/20240214_085422-1024x768.jpg\" alt=\"\" class=\"wp-image-2483\" srcset=\"https:\/\/groebenzeller-buecherflohmarkt.de\/wp-content\/uploads\/2024\/11\/20240214_085422-1024x768.jpg 1024w, https:\/\/groebenzeller-buecherflohmarkt.de\/wp-content\/uploads\/2024\/11\/20240214_085422-300x225.jpg 300w, https:\/\/groebenzeller-buecherflohmarkt.de\/wp-content\/uploads\/2024\/11\/20240214_085422-768x576.jpg 768w, https:\/\/groebenzeller-buecherflohmarkt.de\/wp-content\/uploads\/2024\/11\/20240214_085422-1536x1152.jpg 1536w, https:\/\/groebenzeller-buecherflohmarkt.de\/wp-content\/uploads\/2024\/11\/20240214_085422-2048x1536.jpg 2048w\" sizes=\"auto, (max-width: 1024px) 100vw, 1024px\" \/><\/figure>\n\n\n\n<figure class=\"wp-block-image size-large\"><img loading=\"lazy\" decoding=\"async\" width=\"1024\" height=\"768\" src=\"https:\/\/groebenzeller-buecherflohmarkt.de\/wp-content\/uploads\/2024\/11\/20240218_171214-1024x768.jpg\" alt=\"\" class=\"wp-image-2482\" srcset=\"https:\/\/groebenzeller-buecherflohmarkt.de\/wp-content\/uploads\/2024\/11\/20240218_171214-1024x768.jpg 1024w, https:\/\/groebenzeller-buecherflohmarkt.de\/wp-content\/uploads\/2024\/11\/20240218_171214-300x225.jpg 300w, https:\/\/groebenzeller-buecherflohmarkt.de\/wp-content\/uploads\/2024\/11\/20240218_171214-768x576.jpg 768w, https:\/\/groebenzeller-buecherflohmarkt.de\/wp-content\/uploads\/2024\/11\/20240218_171214-1536x1152.jpg 1536w, https:\/\/groebenzeller-buecherflohmarkt.de\/wp-content\/uploads\/2024\/11\/20240218_171214-2048x1536.jpg 2048w\" sizes=\"auto, (max-width: 1024px) 100vw, 1024px\" \/><\/figure>\n\n\n\n<p><strong>4. Donnerstag + Freitag:&nbsp; Umpacken zur Pr\u00e4sentation f\u00fcr den Verkauf<\/strong><\/p>\n\n\n\n<p>Es folgt das Auspacken der zum Transport&nbsp; dicht gepackten Kisten. Die B\u00fccher m\u00fcssen so pr\u00e4sentiert werden, dass der Besucher die Titel bequem lesen kann und&nbsp; sich kein kleineres Buch hinter einem gr\u00f6\u00dferen versteckt. Au\u00dferdem werden viele Kategorien noch weiter untersortiert, z. B. &#8222;Tiere&#8220; in &#8222;Katzen&#8220;, &#8222;Hunde&#8220;, Wildtiere&#8220;, &#8222;Fische&#8220; u.s.w.<\/p>\n\n\n\n<figure class=\"wp-block-image size-large\"><img loading=\"lazy\" decoding=\"async\" width=\"1024\" height=\"576\" src=\"https:\/\/groebenzeller-buecherflohmarkt.de\/wp-content\/uploads\/2024\/11\/P1150136-1024x576.jpg\" alt=\"\" class=\"wp-image-2486\" srcset=\"https:\/\/groebenzeller-buecherflohmarkt.de\/wp-content\/uploads\/2024\/11\/P1150136-1024x576.jpg 1024w, https:\/\/groebenzeller-buecherflohmarkt.de\/wp-content\/uploads\/2024\/11\/P1150136-300x169.jpg 300w, https:\/\/groebenzeller-buecherflohmarkt.de\/wp-content\/uploads\/2024\/11\/P1150136-768x432.jpg 768w, https:\/\/groebenzeller-buecherflohmarkt.de\/wp-content\/uploads\/2024\/11\/P1150136-1536x865.jpg 1536w, https:\/\/groebenzeller-buecherflohmarkt.de\/wp-content\/uploads\/2024\/11\/P1150136-2048x1153.jpg 2048w\" sizes=\"auto, (max-width: 1024px) 100vw, 1024px\" \/><\/figure>\n\n\n\n<p>Am Freitagabend ist dann alles fertig feinsortiert und benutzerfreundlich dargeboten. Tischreihen und W\u00e4nde sind zur besseren Orientierung beschriftet.<\/p>\n\n\n\n<p>Auch Schallplatten\/CD\/DVD und Spiele sind fertig im gro\u00dfen Saal sortiert<\/p>\n\n\n\n<p><strong>5. Samstag\/Sonntag Durchf\u00fchrung des B\u00fccherflohmarkts<\/strong><\/p>\n\n\n\n<p>Schon zwei Stunden vor der \u00d6ffnung am Samstag stehen die ersten Besucher im Eingangsbereich bis weit nach drau\u00dfen, bis B\u00fcrgermeister Sch\u00e4fer den Flohmarkt er\u00f6ffnet.<\/p>\n\n\n\n<p>Schon nach 10 Minuten sind die Halle und der gro\u00dfe Saal gut gef\u00fcllt!<\/p>\n\n\n\n<figure class=\"wp-block-image size-large\"><img loading=\"lazy\" decoding=\"async\" width=\"1024\" height=\"577\" src=\"https:\/\/groebenzeller-buecherflohmarkt.de\/wp-content\/uploads\/2024\/11\/20240217_141817-1024x577.jpg\" alt=\"\" class=\"wp-image-2484\" srcset=\"https:\/\/groebenzeller-buecherflohmarkt.de\/wp-content\/uploads\/2024\/11\/20240217_141817-1024x577.jpg 1024w, https:\/\/groebenzeller-buecherflohmarkt.de\/wp-content\/uploads\/2024\/11\/20240217_141817-300x169.jpg 300w, https:\/\/groebenzeller-buecherflohmarkt.de\/wp-content\/uploads\/2024\/11\/20240217_141817-768x432.jpg 768w, https:\/\/groebenzeller-buecherflohmarkt.de\/wp-content\/uploads\/2024\/11\/20240217_141817-1536x865.jpg 1536w, https:\/\/groebenzeller-buecherflohmarkt.de\/wp-content\/uploads\/2024\/11\/20240217_141817-2048x1153.jpg 2048w\" sizes=\"auto, (max-width: 1024px) 100vw, 1024px\" \/><\/figure>\n\n\n\n<figure class=\"wp-block-image size-large\"><img loading=\"lazy\" decoding=\"async\" width=\"1024\" height=\"576\" src=\"https:\/\/groebenzeller-buecherflohmarkt.de\/wp-content\/uploads\/2024\/11\/P1150248-1024x576.jpg\" alt=\"\" class=\"wp-image-2485\" srcset=\"https:\/\/groebenzeller-buecherflohmarkt.de\/wp-content\/uploads\/2024\/11\/P1150248-1024x576.jpg 1024w, https:\/\/groebenzeller-buecherflohmarkt.de\/wp-content\/uploads\/2024\/11\/P1150248-300x169.jpg 300w, https:\/\/groebenzeller-buecherflohmarkt.de\/wp-content\/uploads\/2024\/11\/P1150248-768x432.jpg 768w, https:\/\/groebenzeller-buecherflohmarkt.de\/wp-content\/uploads\/2024\/11\/P1150248-1536x865.jpg 1536w, https:\/\/groebenzeller-buecherflohmarkt.de\/wp-content\/uploads\/2024\/11\/P1150248-2048x1153.jpg 2048w\" sizes=\"auto, (max-width: 1024px) 100vw, 1024px\" \/><\/figure>\n\n\n\n<p><strong>6. Sonntagnachmittag gro\u00dfes Aufr\u00e4umen<\/strong><\/p>\n\n\n\n<p>Noch am Sonntagabend m\u00fcssen wir die Halle komplett ausger\u00e4umt und gereinigt \u00fcbergeben. Deswegen wird die Halle sonntags schon um 16 h geschlossen.Noch am Sonntagabend m\u00fcssen wir die Halle komplett ausger\u00e4umt und gereinigt \u00fcbergeben. Deswegen wird die Halle sonntags schon um 16 h geschlossen.<\/p>\n\n\n\n<figure class=\"wp-block-image size-large\"><img loading=\"lazy\" decoding=\"async\" width=\"1024\" height=\"768\" src=\"https:\/\/groebenzeller-buecherflohmarkt.de\/wp-content\/uploads\/2024\/11\/IMG-20240214-WA0007-1-1024x768.jpg\" alt=\"\" class=\"wp-image-2481\" srcset=\"https:\/\/groebenzeller-buecherflohmarkt.de\/wp-content\/uploads\/2024\/11\/IMG-20240214-WA0007-1-1024x768.jpg 1024w, https:\/\/groebenzeller-buecherflohmarkt.de\/wp-content\/uploads\/2024\/11\/IMG-20240214-WA0007-1-300x225.jpg 300w, https:\/\/groebenzeller-buecherflohmarkt.de\/wp-content\/uploads\/2024\/11\/IMG-20240214-WA0007-1-768x576.jpg 768w, https:\/\/groebenzeller-buecherflohmarkt.de\/wp-content\/uploads\/2024\/11\/IMG-20240214-WA0007-1-1536x1152.jpg 1536w, https:\/\/groebenzeller-buecherflohmarkt.de\/wp-content\/uploads\/2024\/11\/IMG-20240214-WA0007-1.jpg 2000w\" sizes=\"auto, (max-width: 1024px) 100vw, 1024px\" \/><\/figure>\n\n\n\n<figure class=\"wp-block-image size-large\"><img loading=\"lazy\" decoding=\"async\" width=\"1024\" height=\"577\" src=\"https:\/\/groebenzeller-buecherflohmarkt.de\/wp-content\/uploads\/2024\/11\/20240218_190957-1024x577.jpg\" alt=\"\" class=\"wp-image-2479\" srcset=\"https:\/\/groebenzeller-buecherflohmarkt.de\/wp-content\/uploads\/2024\/11\/20240218_190957-1024x577.jpg 1024w, https:\/\/groebenzeller-buecherflohmarkt.de\/wp-content\/uploads\/2024\/11\/20240218_190957-300x169.jpg 300w, https:\/\/groebenzeller-buecherflohmarkt.de\/wp-content\/uploads\/2024\/11\/20240218_190957-768x432.jpg 768w, https:\/\/groebenzeller-buecherflohmarkt.de\/wp-content\/uploads\/2024\/11\/20240218_190957-1536x865.jpg 1536w, https:\/\/groebenzeller-buecherflohmarkt.de\/wp-content\/uploads\/2024\/11\/20240218_190957-2048x1153.jpg 2048w\" sizes=\"auto, (max-width: 1024px) 100vw, 1024px\" \/><\/figure>\n\n\n\n<p>&nbsp;Nach getaner Arbeit am Sonntagabend findet eine nahrhafte Schlussbesprechung statt.<\/p>\n\n\n\n<div style=\"height:38px\" aria-hidden=\"true\" class=\"wp-block-spacer\"><\/div>\n\n\n\n<figure class=\"wp-block-image size-large\"><img loading=\"lazy\" decoding=\"async\" width=\"1024\" height=\"577\" src=\"https:\/\/groebenzeller-buecherflohmarkt.de\/wp-content\/uploads\/2024\/11\/20240218_192806-1024x577.jpg\" alt=\"\" class=\"wp-image-2480\" srcset=\"https:\/\/groebenzeller-buecherflohmarkt.de\/wp-content\/uploads\/2024\/11\/20240218_192806-1024x577.jpg 1024w, https:\/\/groebenzeller-buecherflohmarkt.de\/wp-content\/uploads\/2024\/11\/20240218_192806-300x169.jpg 300w, https:\/\/groebenzeller-buecherflohmarkt.de\/wp-content\/uploads\/2024\/11\/20240218_192806-768x432.jpg 768w, https:\/\/groebenzeller-buecherflohmarkt.de\/wp-content\/uploads\/2024\/11\/20240218_192806-1536x865.jpg 1536w, https:\/\/groebenzeller-buecherflohmarkt.de\/wp-content\/uploads\/2024\/11\/20240218_192806-2048x1153.jpg 2048w\" sizes=\"auto, (max-width: 1024px) 100vw, 1024px\" \/><\/figure>\n","protected":false},"excerpt":{"rendered":"<p>Sehen Sie sich beispielhaft im Folgenden an, wie der typische Ablauf eines Gr\u00f6benzeller B\u00fccherflohmarkts aussieht! Vorweg k\u00f6nnen Sie sich einen kurzen Zeitraffer-Film ansehen, der den Aufbau am Donnerstagmorgen, das Feinsortieren am Freitag, den Verkauf am Samstag und Sonntag sowie das Aufr\u00e4umen danach zeigt. Wir danken Herrn Vuk Latinovic, Fotobude Gr\u00f6benzell, f\u00fcr das Video. Klicken Sie [&hellip;]<\/p>\n","protected":false},"author":2,"featured_media":0,"parent":10,"menu_order":30,"comment_status":"closed","ping_status":"closed","template":"","meta":{"footnotes":""},"class_list":["post-18","page","type-page","status-publish","hentry"],"_links":{"self":[{"href":"https:\/\/groebenzeller-buecherflohmarkt.de\/index.php?rest_route=\/wp\/v2\/pages\/18","targetHints":{"allow":["GET"]}}],"collection":[{"href":"https:\/\/groebenzeller-buecherflohmarkt.de\/index.php?rest_route=\/wp\/v2\/pages"}],"about":[{"href":"https:\/\/groebenzeller-buecherflohmarkt.de\/index.php?rest_route=\/wp\/v2\/types\/page"}],"author":[{"embeddable":true,"href":"https:\/\/groebenzeller-buecherflohmarkt.de\/index.php?rest_route=\/wp\/v2\/users\/2"}],"replies":[{"embeddable":true,"href":"https:\/\/groebenzeller-buecherflohmarkt.de\/index.php?rest_route=%2Fwp%2Fv2%2Fcomments&post=18"}],"version-history":[{"count":8,"href":"https:\/\/groebenzeller-buecherflohmarkt.de\/index.php?rest_route=\/wp\/v2\/pages\/18\/revisions"}],"predecessor-version":[{"id":2552,"href":"https:\/\/groebenzeller-buecherflohmarkt.de\/index.php?rest_route=\/wp\/v2\/pages\/18\/revisions\/2552"}],"up":[{"embeddable":true,"href":"https:\/\/groebenzeller-buecherflohmarkt.de\/index.php?rest_route=\/wp\/v2\/pages\/10"}],"wp:attachment":[{"href":"https:\/\/groebenzeller-buecherflohmarkt.de\/index.php?rest_route=%2Fwp%2Fv2%2Fmedia&parent=18"}],"curies":[{"name":"wp","href":"https:\/\/api.w.org\/{rel}","templated":true}]}}