{"id":16,"date":"2013-12-21T23:18:27","date_gmt":"2013-12-21T21:18:27","guid":{"rendered":"http:\/\/web59.server-17.de\/buecherflohmarkt\/?page_id=16"},"modified":"2026-02-12T10:08:04","modified_gmt":"2026-02-12T10:08:04","slug":"hallenplan","status":"publish","type":"page","link":"https:\/\/groebenzeller-buecherflohmarkt.de\/?page_id=16","title":{"rendered":"Downloads"},"content":{"rendered":"\n<div style=\"height:42px\" aria-hidden=\"true\" class=\"wp-block-spacer\"><\/div>\n\n\n\n<figure class=\"wp-block-image size-large\"><img loading=\"lazy\" decoding=\"async\" width=\"731\" height=\"1024\" src=\"https:\/\/groebenzeller-buecherflohmarkt.de\/wp-content\/uploads\/2025\/11\/IMG-20251119-WA0000-731x1024.jpg\" alt=\"\" class=\"wp-image-2675\" srcset=\"https:\/\/groebenzeller-buecherflohmarkt.de\/wp-content\/uploads\/2025\/11\/IMG-20251119-WA0000-731x1024.jpg 731w, https:\/\/groebenzeller-buecherflohmarkt.de\/wp-content\/uploads\/2025\/11\/IMG-20251119-WA0000-214x300.jpg 214w, https:\/\/groebenzeller-buecherflohmarkt.de\/wp-content\/uploads\/2025\/11\/IMG-20251119-WA0000-768x1075.jpg 768w, https:\/\/groebenzeller-buecherflohmarkt.de\/wp-content\/uploads\/2025\/11\/IMG-20251119-WA0000.jpg 1060w\" sizes=\"auto, (max-width: 731px) 100vw, 731px\" \/><figcaption class=\"wp-element-caption\">BFM-Flyer  <\/figcaption><\/figure>\n\n\n\n<div class=\"wp-block-file\"><a id=\"wp-block-file--media-50a16a55-6397-4471-952f-778bc87c0e33\" href=\"https:\/\/groebenzeller-buecherflohmarkt.de\/wp-content\/uploads\/2025\/11\/IMG-20251119-WA0000.jpg\">BFM-Flyer<\/a><a href=\"https:\/\/groebenzeller-buecherflohmarkt.de\/wp-content\/uploads\/2025\/11\/IMG-20251119-WA0000.jpg\" class=\"wp-block-file__button wp-element-button\" download aria-describedby=\"wp-block-file--media-50a16a55-6397-4471-952f-778bc87c0e33\">Herunterladen<\/a><\/div>\n\n\n\n<div style=\"height:41px\" aria-hidden=\"true\" class=\"wp-block-spacer\"><\/div>\n\n\n\n<p class=\"has-text-align-left has-large-font-size\">Unsere Buchkategorien: Handzettel 2026<\/p>\n\n\n\n<div data-wp-interactive=\"core\/file\" class=\"wp-block-file\"><object data-wp-bind--hidden=\"!state.hasPdfPreview\" hidden class=\"wp-block-file__embed\" data=\"https:\/\/groebenzeller-buecherflohmarkt.de\/wp-content\/uploads\/2026\/02\/Stichwortliste-2026.pdf\" type=\"application\/pdf\" style=\"width:100%;height:600px\" aria-label=\"Einbettung von Stichwortliste-2026.\"><\/object><a id=\"wp-block-file--media-0d6f4d1f-e4d8-4a67-b0ea-cda7a13114f2\" href=\"https:\/\/groebenzeller-buecherflohmarkt.de\/wp-content\/uploads\/2026\/02\/Stichwortliste-2026.pdf\">Stichwortliste-2026<\/a><a href=\"https:\/\/groebenzeller-buecherflohmarkt.de\/wp-content\/uploads\/2026\/02\/Stichwortliste-2026.pdf\" class=\"wp-block-file__button wp-element-button\" download aria-describedby=\"wp-block-file--media-0d6f4d1f-e4d8-4a67-b0ea-cda7a13114f2\">Herunterladen<\/a><\/div>\n\n\n\n<div style=\"height:40px\" aria-hidden=\"true\" class=\"wp-block-spacer\"><\/div>\n\n\n\n<p class=\"has-large-font-size\">Der Gr\u00f6benzeller B\u00fccherflohmarkt seit 1993 &#8211; 2011<\/p>\n\n\n\n<div style=\"height:58px\" aria-hidden=\"true\" class=\"wp-block-spacer\"><\/div>\n\n\n\n<div data-wp-interactive=\"core\/file\" class=\"wp-block-file\"><object data-wp-bind--hidden=\"!state.hasPdfPreview\" hidden class=\"wp-block-file__embed\" data=\"https:\/\/groebenzeller-buecherflohmarkt.de\/wp-content\/uploads\/2025\/08\/Geschichte-Buecherflohmarkt-1992-2011.pdf\" type=\"application\/pdf\" style=\"width:100%;height:600px\" aria-label=\"Einbettung von Geschichte B\u00fccherflohmarkt 1992 - 2011.\"><\/object><a id=\"wp-block-file--media-257f1496-d1d1-4e31-98d3-c97e20abcb0f\" href=\"https:\/\/groebenzeller-buecherflohmarkt.de\/wp-content\/uploads\/2025\/08\/Geschichte-Buecherflohmarkt-1992-2011.pdf\">Geschichte B\u00fccherflohmarkt 1992 &#8211; 2011<\/a><a href=\"https:\/\/groebenzeller-buecherflohmarkt.de\/wp-content\/uploads\/2025\/08\/Geschichte-Buecherflohmarkt-1992-2011.pdf\" class=\"wp-block-file__button wp-element-button\" download aria-describedby=\"wp-block-file--media-257f1496-d1d1-4e31-98d3-c97e20abcb0f\">Herunterladen<\/a><\/div>\n\n\n\n<div style=\"height:100px\" aria-hidden=\"true\" class=\"wp-block-spacer\"><\/div>\n\n\n\n<h2 class=\"wp-block-heading\">Historie des Gr\u00f6benzeller B\u00fccherflohmarkts seit 2012-2023<\/h2>\n\n\n\n<div style=\"height:41px\" aria-hidden=\"true\" class=\"wp-block-spacer\"><\/div>\n\n\n\n<div data-wp-interactive=\"core\/file\" class=\"wp-block-file\"><object data-wp-bind--hidden=\"!state.hasPdfPreview\" hidden class=\"wp-block-file__embed\" data=\"https:\/\/groebenzeller-buecherflohmarkt.de\/wp-content\/uploads\/2025\/08\/Historie-des-Buecherflohmarktes-2012-.-2023.pdf\" type=\"application\/pdf\" style=\"width:100%;height:600px\" aria-label=\"Einbettung von Historie des B\u00fccherflohmarktes 2012 . 2023.\"><\/object><a id=\"wp-block-file--media-e73e384d-811b-4a42-beac-f217652c477a\" href=\"https:\/\/groebenzeller-buecherflohmarkt.de\/wp-content\/uploads\/2025\/08\/Historie-des-Buecherflohmarktes-2012-.-2023.pdf\">Historie des B\u00fccherflohmarktes 2012 . 2023<\/a><a href=\"https:\/\/groebenzeller-buecherflohmarkt.de\/wp-content\/uploads\/2025\/08\/Historie-des-Buecherflohmarktes-2012-.-2023.pdf\" class=\"wp-block-file__button wp-element-button\" download aria-describedby=\"wp-block-file--media-e73e384d-811b-4a42-beac-f217652c477a\">Herunterladen<\/a><\/div>\n\n\n\n<div style=\"height:40px\" aria-hidden=\"true\" class=\"wp-block-spacer\"><\/div>\n\n\n\n<p class=\"has-large-font-size\">Gr\u00f6benzell hilft e.V. :        Satzung<\/p>\n\n\n\n<div data-wp-interactive=\"core\/file\" class=\"wp-block-file\"><object data-wp-bind--hidden=\"!state.hasPdfPreview\" hidden class=\"wp-block-file__embed\" data=\"https:\/\/groebenzeller-buecherflohmarkt.de\/wp-content\/uploads\/2020\/01\/Groebenzell-hilft-Satzung.pdf\" type=\"application\/pdf\" style=\"width:100%;height:600px\" aria-label=\"Einbettung von Groebenzell-hilft-Satzung.\"><\/object><a id=\"wp-block-file--media-cb503029-b442-488b-98a0-ea08321b2230\" href=\"https:\/\/groebenzeller-buecherflohmarkt.de\/wp-content\/uploads\/2020\/01\/Groebenzell-hilft-Satzung.pdf\">Groebenzell-hilft-Satzung<\/a><a href=\"https:\/\/groebenzeller-buecherflohmarkt.de\/wp-content\/uploads\/2020\/01\/Groebenzell-hilft-Satzung.pdf\" class=\"wp-block-file__button wp-element-button\" download aria-describedby=\"wp-block-file--media-cb503029-b442-488b-98a0-ea08321b2230\">Herunterladen<\/a><\/div>\n\n\n\n<div style=\"height:0px\" aria-hidden=\"true\" class=\"wp-block-spacer\"><\/div>\n","protected":false},"excerpt":{"rendered":"<p>Unsere Buchkategorien: Handzettel 2026 Der Gr\u00f6benzeller B\u00fccherflohmarkt seit 1993 &#8211; 2011 Historie des Gr\u00f6benzeller B\u00fccherflohmarkts seit 2012-2023 Gr\u00f6benzell hilft e.V. : Satzung<\/p>\n","protected":false},"author":2,"featured_media":0,"parent":0,"menu_order":20,"comment_status":"closed","ping_status":"closed","template":"","meta":{"footnotes":""},"class_list":["post-16","page","type-page","status-publish","hentry"],"_links":{"self":[{"href":"https:\/\/groebenzeller-buecherflohmarkt.de\/index.php?rest_route=\/wp\/v2\/pages\/16","targetHints":{"allow":["GET"]}}],"collection":[{"href":"https:\/\/groebenzeller-buecherflohmarkt.de\/index.php?rest_route=\/wp\/v2\/pages"}],"about":[{"href":"https:\/\/groebenzeller-buecherflohmarkt.de\/index.php?rest_route=\/wp\/v2\/types\/page"}],"author":[{"embeddable":true,"href":"https:\/\/groebenzeller-buecherflohmarkt.de\/index.php?rest_route=\/wp\/v2\/users\/2"}],"replies":[{"embeddable":true,"href":"https:\/\/groebenzeller-buecherflohmarkt.de\/index.php?rest_route=%2Fwp%2Fv2%2Fcomments&post=16"}],"version-history":[{"count":21,"href":"https:\/\/groebenzeller-buecherflohmarkt.de\/index.php?rest_route=\/wp\/v2\/pages\/16\/revisions"}],"predecessor-version":[{"id":2712,"href":"https:\/\/groebenzeller-buecherflohmarkt.de\/index.php?rest_route=\/wp\/v2\/pages\/16\/revisions\/2712"}],"wp:attachment":[{"href":"https:\/\/groebenzeller-buecherflohmarkt.de\/index.php?rest_route=%2Fwp%2Fv2%2Fmedia&parent=16"}],"curies":[{"name":"wp","href":"https:\/\/api.w.org\/{rel}","templated":true}]}}