{"id":1509,"date":"2022-11-11T18:14:00","date_gmt":"2022-11-11T17:14:00","guid":{"rendered":"https:\/\/www.groebenzeller-buecherflohmarkt.de\/?page_id=1509"},"modified":"2026-03-16T22:56:12","modified_gmt":"2026-03-16T22:56:12","slug":"aktuelles-termine","status":"publish","type":"page","link":"https:\/\/groebenzeller-buecherflohmarkt.de\/","title":{"rendered":"Aktuelles \/ Termine"},"content":{"rendered":"\n<div style=\"height:30px\" aria-hidden=\"true\" class=\"wp-block-spacer\"><\/div>\n\n\n\n<figure class=\"wp-block-image size-large\"><img loading=\"lazy\" decoding=\"async\" width=\"1024\" height=\"648\" src=\"https:\/\/groebenzeller-buecherflohmarkt.de\/wp-content\/uploads\/2026\/03\/Buecherflohmarkt_2026_01-1024x648.jpg\" alt=\"\" class=\"wp-image-2753\" srcset=\"https:\/\/groebenzeller-buecherflohmarkt.de\/wp-content\/uploads\/2026\/03\/Buecherflohmarkt_2026_01-1024x648.jpg 1024w, https:\/\/groebenzeller-buecherflohmarkt.de\/wp-content\/uploads\/2026\/03\/Buecherflohmarkt_2026_01-300x190.jpg 300w, https:\/\/groebenzeller-buecherflohmarkt.de\/wp-content\/uploads\/2026\/03\/Buecherflohmarkt_2026_01-768x486.jpg 768w, https:\/\/groebenzeller-buecherflohmarkt.de\/wp-content\/uploads\/2026\/03\/Buecherflohmarkt_2026_01-1536x972.jpg 1536w, https:\/\/groebenzeller-buecherflohmarkt.de\/wp-content\/uploads\/2026\/03\/Buecherflohmarkt_2026_01-2048x1296.jpg 2048w\" sizes=\"auto, (max-width: 1024px) 100vw, 1024px\" \/><\/figure>\n\n\n\n<p>Unsere flei\u00dfigen Helfer 2026<\/p>\n\n\n\n<figure class=\"wp-block-image size-large\"><img loading=\"lazy\" decoding=\"async\" width=\"1024\" height=\"681\" src=\"https:\/\/groebenzeller-buecherflohmarkt.de\/wp-content\/uploads\/2026\/03\/Buecherflohmarkt_2026_02-1024x681.jpg\" alt=\"\" class=\"wp-image-2755\" srcset=\"https:\/\/groebenzeller-buecherflohmarkt.de\/wp-content\/uploads\/2026\/03\/Buecherflohmarkt_2026_02-1024x681.jpg 1024w, https:\/\/groebenzeller-buecherflohmarkt.de\/wp-content\/uploads\/2026\/03\/Buecherflohmarkt_2026_02-300x200.jpg 300w, https:\/\/groebenzeller-buecherflohmarkt.de\/wp-content\/uploads\/2026\/03\/Buecherflohmarkt_2026_02-768x511.jpg 768w, https:\/\/groebenzeller-buecherflohmarkt.de\/wp-content\/uploads\/2026\/03\/Buecherflohmarkt_2026_02-1536x1022.jpg 1536w, https:\/\/groebenzeller-buecherflohmarkt.de\/wp-content\/uploads\/2026\/03\/Buecherflohmarkt_2026_02-2048x1362.jpg 2048w\" sizes=\"auto, (max-width: 1024px) 100vw, 1024px\" \/><\/figure>\n\n\n\n<div style=\"height:31px\" aria-hidden=\"true\" class=\"wp-block-spacer\"><\/div>\n\n\n\n<p>23.02.2026<\/p>\n\n\n\n<figure class=\"wp-block-image size-full is-resized\"><img loading=\"lazy\" decoding=\"async\" width=\"428\" height=\"384\" src=\"https:\/\/groebenzeller-buecherflohmarkt.de\/wp-content\/uploads\/2026\/02\/Bildschirmfoto-vom-2026-02-23-10-27-20.png\" alt=\"\" class=\"wp-image-2716\" style=\"width:196px;height:auto\" srcset=\"https:\/\/groebenzeller-buecherflohmarkt.de\/wp-content\/uploads\/2026\/02\/Bildschirmfoto-vom-2026-02-23-10-27-20.png 428w, https:\/\/groebenzeller-buecherflohmarkt.de\/wp-content\/uploads\/2026\/02\/Bildschirmfoto-vom-2026-02-23-10-27-20-300x269.png 300w\" sizes=\"auto, (max-width: 428px) 100vw, 428px\" \/><\/figure>\n\n\n\n<p><strong>Der Andrang zu unserem B\u00fccherflohmarkt war &#8222;Wahnsinn&#8220; und wir k\u00f6nnen unseren Hilfsprojekten wieder gute Spenden zukommen lassen. <\/strong><\/p>\n\n\n\n<p><strong>Vielen Dank an alle K\u00e4ufer und Interessenten, ihr ward einfach \u00fcberw\u00e4ltigend.<\/strong><\/p>\n\n\n\n<p>Nun hei\u00dft es bei uns seit Sonntagnachmittag wieder aufr\u00e4umen, alles wieder in Ordnung bringen damit Schulen, Vereine und andere Veranstaltungen eine saubere Paul-Barth-Halle vorfinden.<\/p>\n\n\n\n<hr class=\"wp-block-separator has-alpha-channel-opacity\"\/>\n\n\n\n<div style=\"height:24px\" aria-hidden=\"true\" class=\"wp-block-spacer\"><\/div>\n\n\n\n<p><img loading=\"lazy\" decoding=\"async\" width=\"150\" height=\"222\" class=\"wp-image-1173\" style=\"width: 150px;\" src=\"https:\/\/groebenzeller-buecherflohmarkt.de\/wp-content\/uploads\/2020\/10\/Buecher.png\" alt=\"\" srcset=\"https:\/\/groebenzeller-buecherflohmarkt.de\/wp-content\/uploads\/2020\/10\/Buecher.png 224w, https:\/\/groebenzeller-buecherflohmarkt.de\/wp-content\/uploads\/2020\/10\/Buecher-202x300.png 202w\" sizes=\"auto, (max-width: 150px) 100vw, 150px\" \/> Unser Angebot bei <a href=\"https:\/\/groebenzeller-buecherflohmarkt.de\/?page_id=1214\" data-type=\"page\" data-id=\"1214\">Booklooker<\/a> ist immer verf\u00fcgbar. Schauen Sie doch mal rein!<\/p>\n\n\n\n<p>&#8212;&#8212;&#8212;&#8212;&#8212;&#8212;&#8212;&#8212;&#8212;&#8212;&#8212;&#8212;&#8212;&#8212;&#8212;&#8212;&#8212;&#8212;&#8212;&#8212;&#8212;&#8212;&#8212;&#8212;&#8212;&#8212;&#8212;&#8212;&#8212;&#8212;&#8212;&#8212;&#8212;&#8212;&#8212;&#8212;&#8212;&#8212;&#8212;&#8212;&#8212;&#8212;&#8212;&#8212;&#8212;&#8212;&#8212;&#8212;&#8212;&#8212;&#8212;&#8212;&#8212;&#8212;&#8212;<\/p>\n\n\n\n<div style=\"height:29px\" aria-hidden=\"true\" class=\"wp-block-spacer\"><\/div>\n\n\n\n<div class=\"wp-block-group\"><div class=\"wp-block-group__inner-container is-layout-constrained wp-block-group-is-layout-constrained\">\n<p>Erkunde den B\u00fccherflohmarkt:<\/p>\n\n\n\n<div style=\"height:27px\" aria-hidden=\"true\" class=\"wp-block-spacer\"><\/div>\n\n\n\n<p><\/p>\n\n\n\n<ul class=\"wp-block-list\">\n<li><a href=\"https:\/\/groebenzeller-buecherflohmarkt.de\/?page_id=10\" data-type=\"page\" data-id=\"10\">Unser B\u00fccherflohmarkt<\/a><\/li>\n\n\n\n<li><a href=\"https:\/\/groebenzeller-buecherflohmarkt.de\/?page_id=271\" data-type=\"page\" data-id=\"271\">Medienberichte<\/a><\/li>\n\n\n\n<li><a href=\"https:\/\/groebenzeller-buecherflohmarkt.de\/?page_id=1734\">Unsere Buchkategorien<\/a><\/li>\n\n\n\n<li><a href=\"https:\/\/groebenzeller-buecherflohmarkt.de\/?page_id=864\">Der Verein \u201eGr\u00f6benzell hilft\u201c<\/a><\/li>\n\n\n\n<li><a href=\"https:\/\/groebenzeller-buecherflohmarkt.de\/?page_id=908\">Ihre Sach-\/Zeit- und Geldspenden<\/a><a href=\"https:\/\/groebenzeller-buecherflohmarkt.de\/?page_id=6\"><\/a><a href=\"https:\/\/groebenzeller-buecherflohmarkt.de\/?page_id=920\"><\/a><\/li>\n\n\n\n<li><a href=\"https:\/\/groebenzeller-buecherflohmarkt.de\/?page_id=16\">Downloads<\/a><\/li>\n\n\n\n<li><a href=\"https:\/\/groebenzeller-buecherflohmarkt.de\/?page_id=71\">Kontakt<\/a><\/li>\n\n\n\n<li><a href=\"https:\/\/groebenzeller-buecherflohmarkt.de\/?page_id=26\">Impressum<\/a><\/li>\n<\/ul>\n<\/div><\/div>\n\n\n\n<div class=\"wp-block-group\"><div class=\"wp-block-group__inner-container is-layout-constrained wp-block-group-is-layout-constrained\">\n<p><\/p>\n\n\n\n<div style=\"height:68px\" aria-hidden=\"true\" class=\"wp-block-spacer\"><\/div>\n\n\n\n<figure class=\"wp-block-image size-full\"><img loading=\"lazy\" decoding=\"async\" width=\"767\" height=\"513\" src=\"https:\/\/groebenzeller-buecherflohmarkt.de\/wp-content\/uploads\/2024\/01\/Bildschirmfoto-vom-2024-01-20-15-59-42.png\" alt=\"\" class=\"wp-image-2328\" srcset=\"https:\/\/groebenzeller-buecherflohmarkt.de\/wp-content\/uploads\/2024\/01\/Bildschirmfoto-vom-2024-01-20-15-59-42.png 767w, https:\/\/groebenzeller-buecherflohmarkt.de\/wp-content\/uploads\/2024\/01\/Bildschirmfoto-vom-2024-01-20-15-59-42-300x201.png 300w\" sizes=\"auto, (max-width: 767px) 100vw, 767px\" \/><\/figure>\n<\/div><\/div>\n\n\n\n<hr class=\"wp-block-separator has-css-opacity is-style-default\"\/>\n\n\n\n<p><\/p>\n","protected":false},"excerpt":{"rendered":"<p>Unsere flei\u00dfigen Helfer 2026 23.02.2026 Der Andrang zu unserem B\u00fccherflohmarkt war &#8222;Wahnsinn&#8220; und wir k\u00f6nnen unseren Hilfsprojekten wieder gute Spenden zukommen lassen. Vielen Dank an alle K\u00e4ufer und Interessenten, ihr ward einfach \u00fcberw\u00e4ltigend. Nun hei\u00dft es bei uns seit Sonntagnachmittag wieder aufr\u00e4umen, alles wieder in Ordnung bringen damit Schulen, Vereine und andere Veranstaltungen eine saubere [&hellip;]<\/p>\n","protected":false},"author":2,"featured_media":0,"parent":0,"menu_order":0,"comment_status":"closed","ping_status":"closed","template":"","meta":{"footnotes":""},"class_list":["post-1509","page","type-page","status-publish","hentry"],"_links":{"self":[{"href":"https:\/\/groebenzeller-buecherflohmarkt.de\/index.php?rest_route=\/wp\/v2\/pages\/1509","targetHints":{"allow":["GET"]}}],"collection":[{"href":"https:\/\/groebenzeller-buecherflohmarkt.de\/index.php?rest_route=\/wp\/v2\/pages"}],"about":[{"href":"https:\/\/groebenzeller-buecherflohmarkt.de\/index.php?rest_route=\/wp\/v2\/types\/page"}],"author":[{"embeddable":true,"href":"https:\/\/groebenzeller-buecherflohmarkt.de\/index.php?rest_route=\/wp\/v2\/users\/2"}],"replies":[{"embeddable":true,"href":"https:\/\/groebenzeller-buecherflohmarkt.de\/index.php?rest_route=%2Fwp%2Fv2%2Fcomments&post=1509"}],"version-history":[{"count":156,"href":"https:\/\/groebenzeller-buecherflohmarkt.de\/index.php?rest_route=\/wp\/v2\/pages\/1509\/revisions"}],"predecessor-version":[{"id":2756,"href":"https:\/\/groebenzeller-buecherflohmarkt.de\/index.php?rest_route=\/wp\/v2\/pages\/1509\/revisions\/2756"}],"wp:attachment":[{"href":"https:\/\/groebenzeller-buecherflohmarkt.de\/index.php?rest_route=%2Fwp%2Fv2%2Fmedia&parent=1509"}],"curies":[{"name":"wp","href":"https:\/\/api.w.org\/{rel}","templated":true}]}}