{"id":10,"date":"2013-12-21T23:07:10","date_gmt":"2013-12-21T21:07:10","guid":{"rendered":"http:\/\/web59.server-17.de\/buecherflohmarkt\/?page_id=10"},"modified":"2026-02-25T13:28:53","modified_gmt":"2026-02-25T13:28:53","slug":"buecherflohmarkt","status":"publish","type":"page","link":"https:\/\/groebenzeller-buecherflohmarkt.de\/?page_id=10","title":{"rendered":"Unser B\u00fccherflohmarkt"},"content":{"rendered":"\n<figure class=\"wp-block-image size-large\"><img loading=\"lazy\" decoding=\"async\" width=\"1024\" height=\"683\" src=\"https:\/\/groebenzeller-buecherflohmarkt.de\/wp-content\/uploads\/2019\/10\/BFM-19-59b-1024x683.jpg\" alt=\"\" class=\"wp-image-825\" srcset=\"https:\/\/groebenzeller-buecherflohmarkt.de\/wp-content\/uploads\/2019\/10\/BFM-19-59b-1024x683.jpg 1024w, https:\/\/groebenzeller-buecherflohmarkt.de\/wp-content\/uploads\/2019\/10\/BFM-19-59b-300x200.jpg 300w, https:\/\/groebenzeller-buecherflohmarkt.de\/wp-content\/uploads\/2019\/10\/BFM-19-59b-768x512.jpg 768w, https:\/\/groebenzeller-buecherflohmarkt.de\/wp-content\/uploads\/2019\/10\/BFM-19-59b-1536x1024.jpg 1536w, https:\/\/groebenzeller-buecherflohmarkt.de\/wp-content\/uploads\/2019\/10\/BFM-19-59b-2048x1365.jpg 2048w\" sizes=\"auto, (max-width: 1024px) 100vw, 1024px\" \/><\/figure>\n\n\n\n<p style=\"font-size:15px\"><\/p>\n\n\n\n<p>Der gro\u00dfe B\u00fccherflohmarkt Gr\u00f6benzell wird einmal j\u00e4hrlich am Wochenende nach Aschermittwoch seit \u00fcber 30 Jahren veranstaltet.<\/p>\n\n\n\n<div style=\"height:27px\" aria-hidden=\"true\" class=\"wp-block-spacer\"><\/div>\n\n\n\n<p>In den Medien werden jedes Jahr viele Artikel \u00fcber diesen bekannten B\u00fccherflohmarkt ver\u00f6ffentlicht. &#8211;><a href=\"https:\/\/groebenzeller-buecherflohmarkt.de\/?page_id=271\" data-type=\"page\" data-id=\"271\">Medienberichte<\/a><\/p>\n\n\n\n<div style=\"height:26px\" aria-hidden=\"true\" class=\"wp-block-spacer\"><\/div>\n\n\n\n<p><strong>Tr\u00e4ger sind die 3 gemeinn\u00fctzigen Vereine<\/strong><\/p>\n\n\n\n<div style=\"height:28px\" aria-hidden=\"true\" class=\"wp-block-spacer\"><\/div>\n\n\n\n<ul class=\"wp-block-list\">\n<li><a href=\"https:\/\/groebenzeller-buecherflohmarkt.de\/der-verein-groebenzell-hilft-e-v\"><strong>&#8222;Gr\u00f6benzell hilft e. V.&#8220;<\/strong> (federf\u00fchrend)<\/a> <\/li>\n\n\n\n<li><strong><a href=\"http:\/\/handwerker-fuer-darfur.org\">&#8222;Handwerker f\u00fcr Darfur e. V.&#8220;<\/a><\/strong><\/li>\n\n\n\n<li><a href=\"https:\/\/www.kurz-mal-helfen.de\"><strong>&#8222;Kurz mal helfen e. V.&#8220;<\/strong> <\/a><\/li>\n<\/ul>\n\n\n\n<div style=\"height:25px\" aria-hidden=\"true\" class=\"wp-block-spacer\"><\/div>\n\n\n\n<p style=\"font-size:15px\">Die gespendeten B\u00fccher werden vom Team in viele &#8211;> <strong><a href=\"https:\/\/groebenzeller-buecherflohmarkt.de\/?page_id=1734\" data-type=\"page\" data-id=\"1734\">Einzelkategorien<\/a><\/strong> sortiert, gelagert und zum Verkauf in der Dreifachturnhalle Wildmooshalle Gr\u00f6benzell aufgebaut.<\/p>\n\n\n\n<div style=\"height:24px\" aria-hidden=\"true\" class=\"wp-block-spacer\"><\/div>\n\n\n\n<p style=\"font-size:15px\">Der Verkauf erfolgt im Auftrag und zugunsten des Vereins &#8211;> <strong><a href=\"https:\/\/groebenzeller-buecherflohmarkt.de\/?page_id=864\" data-type=\"page\" data-id=\"864\">&#8222;Gr\u00f6benzell hilft&#8220;<\/a><\/strong> . <\/p>\n\n\n\n<p style=\"font-size:15px\">Der Reinerl\u00f6s kommt &#8211;> <strong><a href=\"https:\/\/groebenzeller-buecherflohmarkt.de\/?page_id=24\" data-type=\"page\" data-id=\"24\">karitativen Projekten<\/a> <\/strong>lokal und weltweit zugute. Es werden keine Personalkosten oder Aufwandsentsch\u00e4digungen bezahlt.<\/p>\n\n\n\n<div style=\"height:31px\" aria-hidden=\"true\" class=\"wp-block-spacer\"><\/div>\n\n\n\n<p>Die Organisation unseres B\u00fccherflohmarkts und wie dieser intern vorbereitet wird k\u00f6nnen Sie hier beispielhaft verfolgen:<\/p>\n\n\n\n<p><a href=\"https:\/\/groebenzeller-buecherflohmarkt.de\/?page_id=18\" data-type=\"page\" data-id=\"18\">Ablauf und Organisation<\/a><\/p>\n\n\n\n<p><\/p>\n","protected":false},"excerpt":{"rendered":"<p>Der gro\u00dfe B\u00fccherflohmarkt Gr\u00f6benzell wird einmal j\u00e4hrlich am Wochenende nach Aschermittwoch seit \u00fcber 30 Jahren veranstaltet. In den Medien werden jedes Jahr viele Artikel \u00fcber diesen bekannten B\u00fccherflohmarkt ver\u00f6ffentlicht. &#8211;>Medienberichte Tr\u00e4ger sind die 3 gemeinn\u00fctzigen Vereine Die gespendeten B\u00fccher werden vom Team in viele &#8211;> Einzelkategorien sortiert, gelagert und zum Verkauf in der Dreifachturnhalle Wildmooshalle [&hellip;]<\/p>\n","protected":false},"author":2,"featured_media":0,"parent":0,"menu_order":0,"comment_status":"closed","ping_status":"closed","template":"","meta":{"footnotes":""},"class_list":["post-10","page","type-page","status-publish","hentry"],"_links":{"self":[{"href":"https:\/\/groebenzeller-buecherflohmarkt.de\/index.php?rest_route=\/wp\/v2\/pages\/10","targetHints":{"allow":["GET"]}}],"collection":[{"href":"https:\/\/groebenzeller-buecherflohmarkt.de\/index.php?rest_route=\/wp\/v2\/pages"}],"about":[{"href":"https:\/\/groebenzeller-buecherflohmarkt.de\/index.php?rest_route=\/wp\/v2\/types\/page"}],"author":[{"embeddable":true,"href":"https:\/\/groebenzeller-buecherflohmarkt.de\/index.php?rest_route=\/wp\/v2\/users\/2"}],"replies":[{"embeddable":true,"href":"https:\/\/groebenzeller-buecherflohmarkt.de\/index.php?rest_route=%2Fwp%2Fv2%2Fcomments&post=10"}],"version-history":[{"count":12,"href":"https:\/\/groebenzeller-buecherflohmarkt.de\/index.php?rest_route=\/wp\/v2\/pages\/10\/revisions"}],"predecessor-version":[{"id":2742,"href":"https:\/\/groebenzeller-buecherflohmarkt.de\/index.php?rest_route=\/wp\/v2\/pages\/10\/revisions\/2742"}],"wp:attachment":[{"href":"https:\/\/groebenzeller-buecherflohmarkt.de\/index.php?rest_route=%2Fwp%2Fv2%2Fmedia&parent=10"}],"curies":[{"name":"wp","href":"https:\/\/api.w.org\/{rel}","templated":true}]}}